{"id":2866,"date":"2025-05-28T14:13:16","date_gmt":"2025-05-28T13:13:16","guid":{"rendered":"https:\/\/sciences-sur-mer.culture-ocean.com\/web\/?page_id=2866"},"modified":"2025-05-28T14:39:55","modified_gmt":"2025-05-28T13:39:55","slug":"scolaires","status":"publish","type":"page","link":"https:\/\/sciences-sur-mer.culture-ocean.com\/web\/festival-des-sciences\/scolaires\/","title":{"rendered":"Scolaires"},"content":{"rendered":"\t\t<div data-elementor-type=\"wp-page\" data-elementor-id=\"2866\" class=\"elementor elementor-2866\" data-elementor-post-type=\"page\">\n\t\t\t\t<div class=\"elementor-element elementor-element-3404206 e-flex e-con-boxed e-con e-parent\" data-id=\"3404206\" data-element_type=\"container\">\n\t\t\t\t\t<div class=\"e-con-inner\">\n\t\t\t\t<div class=\"elementor-element elementor-element-e4b236b elementor-widget elementor-widget-heading\" data-id=\"e4b236b\" data-element_type=\"widget\" data-widget_type=\"heading.default\">\n\t\t\t\t<div class=\"elementor-widget-container\">\n\t\t\t\t\t<h1 class=\"elementor-heading-title elementor-size-default\">SP\u00e9CIAL SCOLAIRES<\/h1>\t\t\t\t<\/div>\n\t\t\t\t<\/div>\n\t\t\t\t<div class=\"elementor-element elementor-element-15f6942 elementor-widget elementor-widget-heading\" data-id=\"15f6942\" data-element_type=\"widget\" data-widget_type=\"heading.default\">\n\t\t\t\t<div class=\"elementor-widget-container\">\n\t\t\t\t\t<h2 class=\"elementor-heading-title elementor-size-default\">Du 10 juin au 13 juin 2025  @Citadelle de Villefranche-sur-Mer<\/h2>\t\t\t\t<\/div>\n\t\t\t\t<\/div>\n\t\t\t\t\t<\/div>\n\t\t\t\t<\/div>\n\t\t<div class=\"elementor-element elementor-element-c1dfce0 e-flex e-con-boxed e-con e-parent\" data-id=\"c1dfce0\" data-element_type=\"container\">\n\t\t\t\t\t<div class=\"e-con-inner\">\n\t\t<div class=\"elementor-element elementor-element-4b220a6 e-con-full e-flex e-con e-child\" data-id=\"4b220a6\" data-element_type=\"container\">\n\t\t\t\t<div class=\"elementor-element elementor-element-4a0f2c7 elementor-widget elementor-widget-text-editor\" data-id=\"4a0f2c7\" data-element_type=\"widget\" data-widget_type=\"text-editor.default\">\n\t\t\t\t<div class=\"elementor-widget-container\">\n\t\t\t\t\t\t\t\t\t<p>Durant le <a href=\"https:\/\/sciences-sur-mer.culture-ocean.com\/web\/festival-des-sciences\/\">Festival Sciences-sur-Mer<\/a>, chaque matin\u00e9e du 10 au 13 juin 2025, des groupes scolaires du primaire au lyc\u00e9e seront accueillis \u00e0 la <span style=\"text-decoration: underline;\"><a href=\"https:\/\/umap.openstreetmap.fr\/fr\/map\/festival-sciences-sur-mer_1216738?scaleControl=true&amp;miniMap=true&amp;scrollWheelZoom=true&amp;zoomControl=true&amp;editMode=disabled&amp;moreControl=true&amp;searchControl=null&amp;tilelayersControl=null&amp;embedControl=null&amp;datalayersControl=null&amp;onLoadPanel=none&amp;captionBar=false&amp;captionMenus=true&amp;homeControl=false#15\/43.7019\/7.3010\" target=\"_blank\" rel=\"noopener\">Citadelle de Villefranche-sur-Mer<\/a><\/span>, zone verte de l&#8217;UNOC&#8217;3, pour participer \u00e0 une s\u00e9lection d\u2019ateliers pratiques \u2014 de la d\u00e9couverte des herbiers de Posidonie \u00e0 l\u2019exploration des myst\u00e8res des grands fonds marins.<\/p><p>Ces ateliers seront anim\u00e9s par des associations, artistes et laboratoires de recherche nationaux et parfois internationaux.<\/p><p><strong>Plus d&#8217;informations &amp; inscription (gratuite, mais indispensable) ici:<\/strong><\/p>\t\t\t\t\t\t\t\t<\/div>\n\t\t\t\t<\/div>\n\t\t\t\t<div class=\"elementor-element elementor-element-50b080a elementor-align-center elementor-widget__width-auto elementor-widget elementor-widget-button\" data-id=\"50b080a\" data-element_type=\"widget\" data-widget_type=\"button.default\">\n\t\t\t\t<div class=\"elementor-widget-container\">\n\t\t\t\t\t\t\t\t\t<div class=\"elementor-button-wrapper\">\n\t\t\t\t\t<a class=\"elementor-button elementor-button-link elementor-size-sm\" href=\"https:\/\/www.eventbrite.com\/cc\/le-festival-visites-scolaires-4294593\" target=\"_blank\">\n\t\t\t\t\t\t<span class=\"elementor-button-content-wrapper\">\n\t\t\t\t\t\t\t\t\t<span class=\"elementor-button-text\">Inscription<\/span>\n\t\t\t\t\t<\/span>\n\t\t\t\t\t<\/a>\n\t\t\t\t<\/div>\n\t\t\t\t\t\t\t\t<\/div>\n\t\t\t\t<\/div>\n\t\t\t\t<\/div>\n\t\t<div class=\"elementor-element elementor-element-98ac597 e-con-full e-flex e-con e-child\" data-id=\"98ac597\" data-element_type=\"container\">\n\t\t\t\t<div class=\"elementor-element elementor-element-84aa5f8 elementor-widget elementor-widget-image\" data-id=\"84aa5f8\" data-element_type=\"widget\" data-widget_type=\"image.default\">\n\t\t\t\t<div class=\"elementor-widget-container\">\n\t\t\t\t\t\t\t\t\t\t\t\t\t\t\t\t<a href=\"https:\/\/www.eventbrite.com\/cc\/le-festival-visites-scolaires-4294593\" target=\"_blank\">\n\t\t\t\t\t\t\t<img fetchpriority=\"high\" decoding=\"async\" width=\"1055\" height=\"615\" src=\"https:\/\/sciences-sur-mer.culture-ocean.com\/web\/wp-content\/uploads\/fssm-scolaires01.jpg\" class=\"attachment-full size-full wp-image-2872\" alt=\"Festival Sciences-Sur-Mer : Sp\u00e9cial Scolaires\" srcset=\"https:\/\/sciences-sur-mer.culture-ocean.com\/web\/wp-content\/uploads\/fssm-scolaires01.jpg 1055w, https:\/\/sciences-sur-mer.culture-ocean.com\/web\/wp-content\/uploads\/fssm-scolaires01-1000x583.jpg 1000w, https:\/\/sciences-sur-mer.culture-ocean.com\/web\/wp-content\/uploads\/fssm-scolaires01-500x291.jpg 500w, https:\/\/sciences-sur-mer.culture-ocean.com\/web\/wp-content\/uploads\/fssm-scolaires01-768x448.jpg 768w\" sizes=\"(max-width: 1055px) 100vw, 1055px\" \/>\t\t\t\t\t\t\t\t<\/a>\n\t\t\t\t\t\t\t\t\t\t\t\t\t\t\t<\/div>\n\t\t\t\t<\/div>\n\t\t\t\t<\/div>\n\t\t\t\t\t<\/div>\n\t\t\t\t<\/div>\n\t\t<div class=\"elementor-element elementor-element-5cc16b8 e-flex e-con-boxed e-con e-parent\" data-id=\"5cc16b8\" data-element_type=\"container\">\n\t\t\t\t\t<div class=\"e-con-inner\">\n\t\t\t\t<div class=\"elementor-element elementor-element-a9e8263 elementor-widget-divider--separator-type-pattern elementor-widget-divider--no-spacing elementor-widget-divider--view-line elementor-widget elementor-widget-divider\" data-id=\"a9e8263\" data-element_type=\"widget\" data-widget_type=\"divider.default\">\n\t\t\t\t<div class=\"elementor-widget-container\">\n\t\t\t\t\t\t\t<div class=\"elementor-divider\" style=\"--divider-pattern-url: url(&quot;data:image\/svg+xml,%3Csvg xmlns=&#039;http:\/\/www.w3.org\/2000\/svg&#039; preserveAspectRatio=&#039;xMidYMid meet&#039; overflow=&#039;visible&#039; height=&#039;100%&#039; viewBox=&#039;0 0 126 26&#039; fill=&#039;black&#039; stroke=&#039;none&#039;%3E%3Cpath d=&#039;M3,10.2c2.6,0,2.6,2,2.6,3.2S4.4,16.5,3,16.5s-3-1.4-3-3.2S0.4,10.2,3,10.2z M18.8,10.2c1.7,0,3.2,1.4,3.2,3.2s-1.4,3.2-3.2,3.2c-1.7,0-3.2-1.4-3.2-3.2S17,10.2,18.8,10.2z M34.6,10.2c1.5,0,2.6,1.4,2.6,3.2s-0.5,3.2-1.9,3.2c-1.5,0-3.4-1.4-3.4-3.2S33.1,10.2,34.6,10.2z M50.5,10.2c1.7,0,3.2,1.4,3.2,3.2s-1.4,3.2-3.2,3.2c-1.7,0-3.3-0.9-3.3-2.6S48.7,10.2,50.5,10.2z M66.2,10.2c1.5,0,3.4,1.4,3.4,3.2s-1.9,3.2-3.4,3.2c-1.5,0-2.6-0.4-2.6-2.1S64.8,10.2,66.2,10.2z M82.2,10.2c1.7,0.8,2.6,1.4,2.6,3.2s-0.1,3.2-1.6,3.2c-1.5,0-3.7-1.4-3.7-3.2S80.5,9.4,82.2,10.2zM98.6,10.2c1.5,0,2.6,0.4,2.6,2.1s-1.2,4.2-2.6,4.2c-1.5,0-3.7-0.4-3.7-2.1S97.1,10.2,98.6,10.2z M113.4,10.2c1.2,0,2.2,0.9,2.2,3.2s-0.1,3.2-1.3,3.2s-3.1-1.4-3.1-3.2S112.2,10.2,113.4,10.2z&#039;\/%3E%3C\/svg%3E&quot;);\">\n\t\t\t<span class=\"elementor-divider-separator\">\n\t\t\t\t\t\t<\/span>\n\t\t<\/div>\n\t\t\t\t\t\t<\/div>\n\t\t\t\t<\/div>\n\t\t\t\t\t<\/div>\n\t\t\t\t<\/div>\n\t\t\t\t<\/div>\n\t\t","protected":false},"excerpt":{"rendered":"<p>Dans le cadre de l\u2019Ann\u00e9e de la Mer et des G\u00e9osciences, explorez notre Oc\u00e9an et les secrets de ses bassins autour du monde lors de conf\u00e9rences accessibles \u00e0 tous. Chaque rencontre avec des experts passionn\u00e9s mettra en lumi\u00e8re un environnement marin diff\u00e9rent !<\/p>\n","protected":false},"author":1,"featured_media":0,"parent":568,"menu_order":0,"comment_status":"closed","ping_status":"closed","template":"elementor_theme","meta":{"_acf_changed":false,"footnotes":""},"class_list":["post-2866","page","type-page","status-publish","hentry"],"acf":[],"_links":{"self":[{"href":"https:\/\/sciences-sur-mer.culture-ocean.com\/web\/wp-json\/wp\/v2\/pages\/2866","targetHints":{"allow":["GET"]}}],"collection":[{"href":"https:\/\/sciences-sur-mer.culture-ocean.com\/web\/wp-json\/wp\/v2\/pages"}],"about":[{"href":"https:\/\/sciences-sur-mer.culture-ocean.com\/web\/wp-json\/wp\/v2\/types\/page"}],"author":[{"embeddable":true,"href":"https:\/\/sciences-sur-mer.culture-ocean.com\/web\/wp-json\/wp\/v2\/users\/1"}],"replies":[{"embeddable":true,"href":"https:\/\/sciences-sur-mer.culture-ocean.com\/web\/wp-json\/wp\/v2\/comments?post=2866"}],"version-history":[{"count":11,"href":"https:\/\/sciences-sur-mer.culture-ocean.com\/web\/wp-json\/wp\/v2\/pages\/2866\/revisions"}],"predecessor-version":[{"id":3419,"href":"https:\/\/sciences-sur-mer.culture-ocean.com\/web\/wp-json\/wp\/v2\/pages\/2866\/revisions\/3419"}],"up":[{"embeddable":true,"href":"https:\/\/sciences-sur-mer.culture-ocean.com\/web\/wp-json\/wp\/v2\/pages\/568"}],"wp:attachment":[{"href":"https:\/\/sciences-sur-mer.culture-ocean.com\/web\/wp-json\/wp\/v2\/media?parent=2866"}],"curies":[{"name":"wp","href":"https:\/\/api.w.org\/{rel}","templated":true}]}}