{"id":463,"date":"2025-01-30T17:43:31","date_gmt":"2025-01-30T16:43:31","guid":{"rendered":"https:\/\/sciences-sur-mer.culture-ocean.com\/web\/?page_id=463"},"modified":"2025-05-26T12:02:54","modified_gmt":"2025-05-26T11:02:54","slug":"a-propos-de-sciences-sur-mer","status":"publish","type":"page","link":"https:\/\/sciences-sur-mer.culture-ocean.com\/web\/a-propos-de-sciences-sur-mer\/","title":{"rendered":"A propos de Sciences-sur-Mer"},"content":{"rendered":"\t\t<div data-elementor-type=\"wp-page\" data-elementor-id=\"463\" class=\"elementor elementor-463\" data-elementor-post-type=\"page\">\n\t\t\t\t<div class=\"elementor-element elementor-element-3404206 e-flex e-con-boxed e-con e-parent\" data-id=\"3404206\" data-element_type=\"container\">\n\t\t\t\t\t<div class=\"e-con-inner\">\n\t\t\t\t<div class=\"elementor-element elementor-element-e4b236b elementor-widget elementor-widget-heading\" data-id=\"e4b236b\" data-element_type=\"widget\" data-widget_type=\"heading.default\">\n\t\t\t\t<div class=\"elementor-widget-container\">\n\t\t\t\t\t<h1 class=\"elementor-heading-title elementor-size-default\">A propos de Sciences-sur-Mer <\/h1>\t\t\t\t<\/div>\n\t\t\t\t<\/div>\n\t\t\t\t<div class=\"elementor-element elementor-element-15f6942 elementor-widget elementor-widget-heading\" data-id=\"15f6942\" data-element_type=\"widget\" data-widget_type=\"heading.default\">\n\t\t\t\t<div class=\"elementor-widget-container\">\n\t\t\t\t\t<h2 class=\"elementor-heading-title elementor-size-default\">Plongez au c\u0153ur de l\u2019Oc\u00e9an et rencontrez ceux qui, chaque jour, d\u00e9cryptent ses myst\u00e8res, suivent ses \u00e9volutions et explorent nos liens profonds avec cet \u00e9cosyst\u00e8me vital.<\/h2>\t\t\t\t<\/div>\n\t\t\t\t<\/div>\n\t\t\t\t\t<\/div>\n\t\t\t\t<\/div>\n\t\t<div class=\"elementor-element elementor-element-c1dfce0 e-flex e-con-boxed e-con e-parent\" data-id=\"c1dfce0\" data-element_type=\"container\">\n\t\t\t\t\t<div class=\"e-con-inner\">\n\t\t<div class=\"elementor-element elementor-element-4b220a6 e-con-full e-flex e-con e-child\" data-id=\"4b220a6\" data-element_type=\"container\">\n\t\t\t\t<div class=\"elementor-element elementor-element-4a0f2c7 elementor-widget elementor-widget-text-editor\" data-id=\"4a0f2c7\" data-element_type=\"widget\" data-widget_type=\"text-editor.default\">\n\t\t\t\t<div class=\"elementor-widget-container\">\n\t\t\t\t\t\t\t\t\t<p><strong>Sciences-sur-Mer<\/strong> est une initiative unique n\u00e9e de la collaboration entre l\u2019<a href=\"https:\/\/www.imev-mer.fr\" target=\"_blank\" rel=\"noopener\">Institut de la Mer de Villefranche<\/a> et la <a href=\"https:\/\/villefranche-sur-mer.fr\/\" target=\"_blank\" rel=\"noopener\">Mairie de Villefranche-sur-Mer<\/a> lors de la F\u00eate de la Science 2024. Son ambition ? Faire d\u00e9couvrir au grand public les enjeux majeurs des sciences oc\u00e9aniques dans le cadre d\u2019une s\u00e9rie d\u2019\u00e9v\u00e9nements \u00e0 l\u2019approche de la <a href=\"https:\/\/sdgs.un.org\/conferences\/ocean2025\">Conf\u00e9rence des Nations Unies sur l\u2019Oc\u00e9an<\/a> qui se tiendra \u00e0 Nice en juin 2025.<\/p>\t\t\t\t\t\t\t\t<\/div>\n\t\t\t\t<\/div>\n\t\t\t\t<\/div>\n\t\t<div class=\"elementor-element elementor-element-98ac597 e-con-full e-flex e-con e-child\" data-id=\"98ac597\" data-element_type=\"container\">\n\t\t\t\t<div class=\"elementor-element elementor-element-8873f5d elementor-widget elementor-widget-image\" data-id=\"8873f5d\" data-element_type=\"widget\" data-widget_type=\"image.default\">\n\t\t\t\t<div class=\"elementor-widget-container\">\n\t\t\t\t\t\t\t\t\t\t\t\t\t\t\t<img fetchpriority=\"high\" decoding=\"async\" width=\"470\" height=\"144\" src=\"https:\/\/sciences-sur-mer.culture-ocean.com\/web\/wp-content\/uploads\/logo-sciences-sur-mer-violet-no-border.svg\" class=\"attachment-large size-large wp-image-1643\" alt=\"logo Sciences-Sur-Mer\" \/>\t\t\t\t\t\t\t\t\t\t\t\t\t\t\t<\/div>\n\t\t\t\t<\/div>\n\t\t\t\t<\/div>\n\t\t\t\t\t<\/div>\n\t\t\t\t<\/div>\n\t\t<div class=\"elementor-element elementor-element-5cc16b8 e-flex e-con-boxed e-con e-parent\" data-id=\"5cc16b8\" data-element_type=\"container\">\n\t\t\t\t\t<div class=\"e-con-inner\">\n\t\t\t\t<div class=\"elementor-element elementor-element-a9e8263 elementor-widget-divider--separator-type-pattern elementor-widget-divider--no-spacing elementor-widget-divider--view-line elementor-widget elementor-widget-divider\" data-id=\"a9e8263\" data-element_type=\"widget\" data-widget_type=\"divider.default\">\n\t\t\t\t<div class=\"elementor-widget-container\">\n\t\t\t\t\t\t\t<div class=\"elementor-divider\" style=\"--divider-pattern-url: url(&quot;data:image\/svg+xml,%3Csvg xmlns=&#039;http:\/\/www.w3.org\/2000\/svg&#039; preserveAspectRatio=&#039;xMidYMid meet&#039; overflow=&#039;visible&#039; height=&#039;100%&#039; viewBox=&#039;0 0 126 26&#039; fill=&#039;black&#039; stroke=&#039;none&#039;%3E%3Cpath d=&#039;M3,10.2c2.6,0,2.6,2,2.6,3.2S4.4,16.5,3,16.5s-3-1.4-3-3.2S0.4,10.2,3,10.2z M18.8,10.2c1.7,0,3.2,1.4,3.2,3.2s-1.4,3.2-3.2,3.2c-1.7,0-3.2-1.4-3.2-3.2S17,10.2,18.8,10.2z M34.6,10.2c1.5,0,2.6,1.4,2.6,3.2s-0.5,3.2-1.9,3.2c-1.5,0-3.4-1.4-3.4-3.2S33.1,10.2,34.6,10.2z M50.5,10.2c1.7,0,3.2,1.4,3.2,3.2s-1.4,3.2-3.2,3.2c-1.7,0-3.3-0.9-3.3-2.6S48.7,10.2,50.5,10.2z M66.2,10.2c1.5,0,3.4,1.4,3.4,3.2s-1.9,3.2-3.4,3.2c-1.5,0-2.6-0.4-2.6-2.1S64.8,10.2,66.2,10.2z M82.2,10.2c1.7,0.8,2.6,1.4,2.6,3.2s-0.1,3.2-1.6,3.2c-1.5,0-3.7-1.4-3.7-3.2S80.5,9.4,82.2,10.2zM98.6,10.2c1.5,0,2.6,0.4,2.6,2.1s-1.2,4.2-2.6,4.2c-1.5,0-3.7-0.4-3.7-2.1S97.1,10.2,98.6,10.2z M113.4,10.2c1.2,0,2.2,0.9,2.2,3.2s-0.1,3.2-1.3,3.2s-3.1-1.4-3.1-3.2S112.2,10.2,113.4,10.2z&#039;\/%3E%3C\/svg%3E&quot;);\">\n\t\t\t<span class=\"elementor-divider-separator\">\n\t\t\t\t\t\t<\/span>\n\t\t<\/div>\n\t\t\t\t\t\t<\/div>\n\t\t\t\t<\/div>\n\t\t\t\t\t<\/div>\n\t\t\t\t<\/div>\n\t\t<div class=\"elementor-element elementor-element-f7a891b e-flex e-con-boxed e-con e-parent\" data-id=\"f7a891b\" data-element_type=\"container\">\n\t\t\t\t\t<div class=\"e-con-inner\">\n\t\t\t\t<div class=\"elementor-element elementor-element-4582d4d elementor-widget elementor-widget-heading\" data-id=\"4582d4d\" data-element_type=\"widget\" data-widget_type=\"heading.default\">\n\t\t\t\t<div class=\"elementor-widget-container\">\n\t\t\t\t\t<h2 class=\"elementor-heading-title elementor-size-default\">Labellisation<\/h2>\t\t\t\t<\/div>\n\t\t\t\t<\/div>\n\t\t<div class=\"elementor-element elementor-element-3c2b40a e-con-full e-flex e-con e-child\" data-id=\"3c2b40a\" data-element_type=\"container\">\n\t\t\t\t<div class=\"elementor-element elementor-element-1754644 elementor-widget elementor-widget-text-editor\" data-id=\"1754644\" data-element_type=\"widget\" data-widget_type=\"text-editor.default\">\n\t\t\t\t<div class=\"elementor-widget-container\">\n\t\t\t\t\t\t\t\t\t<p>Sciences-Sur-Mer est labellis\u00e9 : LA MER EN COMMUN &#8211; L&#8217;Ann\u00e9e de la Mer<\/p>\t\t\t\t\t\t\t\t<\/div>\n\t\t\t\t<\/div>\n\t\t\t\t<\/div>\n\t\t<div class=\"elementor-element elementor-element-8a9abc1 e-con-full e-flex e-con e-child\" data-id=\"8a9abc1\" data-element_type=\"container\">\n\t\t\t\t<div class=\"elementor-element elementor-element-bd73d7b elementor-widget elementor-widget-image\" data-id=\"bd73d7b\" data-element_type=\"widget\" data-widget_type=\"image.default\">\n\t\t\t\t<div class=\"elementor-widget-container\">\n\t\t\t\t\t\t\t\t\t\t\t\t\t\t\t\t<a href=\"https:\/\/www.mer.gouv.fr\/mer-en-commun\/la-mer-en-commun\" target=\"_blank\">\n\t\t\t\t\t\t\t<img decoding=\"async\" width=\"286\" height=\"133\" src=\"https:\/\/sciences-sur-mer.culture-ocean.com\/web\/wp-content\/uploads\/logo-la-mer-en-commun-annee-mer-rvb.svg\" class=\"elementor-animation-grow attachment-large size-large wp-image-1632\" alt=\"\" \/>\t\t\t\t\t\t\t\t<\/a>\n\t\t\t\t\t\t\t\t\t\t\t\t\t\t\t<\/div>\n\t\t\t\t<\/div>\n\t\t\t\t<\/div>\n\t\t<div class=\"elementor-element elementor-element-e1afde4 e-con-full e-flex e-con e-child\" data-id=\"e1afde4\" data-element_type=\"container\">\n\t\t\t\t<div class=\"elementor-element elementor-element-c285468 elementor-widget-divider--view-line_text elementor-widget-divider--separator-type-pattern elementor-widget-divider--no-spacing elementor-widget-divider--element-align-center elementor-widget elementor-widget-divider\" data-id=\"c285468\" data-element_type=\"widget\" data-widget_type=\"divider.default\">\n\t\t\t\t<div class=\"elementor-widget-container\">\n\t\t\t\t\t\t\t<div class=\"elementor-divider\" style=\"--divider-pattern-url: url(&quot;data:image\/svg+xml,%3Csvg xmlns=&#039;http:\/\/www.w3.org\/2000\/svg&#039; preserveAspectRatio=&#039;xMidYMid meet&#039; overflow=&#039;visible&#039; height=&#039;100%&#039; viewBox=&#039;0 0 126 26&#039; fill=&#039;black&#039; stroke=&#039;none&#039;%3E%3Cpath d=&#039;M3,10.2c2.6,0,2.6,2,2.6,3.2S4.4,16.5,3,16.5s-3-1.4-3-3.2S0.4,10.2,3,10.2z M18.8,10.2c1.7,0,3.2,1.4,3.2,3.2s-1.4,3.2-3.2,3.2c-1.7,0-3.2-1.4-3.2-3.2S17,10.2,18.8,10.2z M34.6,10.2c1.5,0,2.6,1.4,2.6,3.2s-0.5,3.2-1.9,3.2c-1.5,0-3.4-1.4-3.4-3.2S33.1,10.2,34.6,10.2z M50.5,10.2c1.7,0,3.2,1.4,3.2,3.2s-1.4,3.2-3.2,3.2c-1.7,0-3.3-0.9-3.3-2.6S48.7,10.2,50.5,10.2z M66.2,10.2c1.5,0,3.4,1.4,3.4,3.2s-1.9,3.2-3.4,3.2c-1.5,0-2.6-0.4-2.6-2.1S64.8,10.2,66.2,10.2z M82.2,10.2c1.7,0.8,2.6,1.4,2.6,3.2s-0.1,3.2-1.6,3.2c-1.5,0-3.7-1.4-3.7-3.2S80.5,9.4,82.2,10.2zM98.6,10.2c1.5,0,2.6,0.4,2.6,2.1s-1.2,4.2-2.6,4.2c-1.5,0-3.7-0.4-3.7-2.1S97.1,10.2,98.6,10.2z M113.4,10.2c1.2,0,2.2,0.9,2.2,3.2s-0.1,3.2-1.3,3.2s-3.1-1.4-3.1-3.2S112.2,10.2,113.4,10.2z&#039;\/%3E%3C\/svg%3E&quot;);\">\n\t\t\t<span class=\"elementor-divider-separator\">\n\t\t\t\t\t\t\t<span class=\"elementor-divider__text elementor-divider__element\">\n\t\t\t\t&\t\t\t\t<\/span>\n\t\t\t\t\t\t<\/span>\n\t\t<\/div>\n\t\t\t\t\t\t<\/div>\n\t\t\t\t<\/div>\n\t\t\t\t<\/div>\n\t\t<div class=\"elementor-element elementor-element-d62419f e-con-full e-flex e-con e-child\" data-id=\"d62419f\" data-element_type=\"container\">\n\t\t\t\t<div class=\"elementor-element elementor-element-e30ec0b elementor-widget elementor-widget-text-editor\" data-id=\"e30ec0b\" data-element_type=\"widget\" data-widget_type=\"text-editor.default\">\n\t\t\t\t<div class=\"elementor-widget-container\">\n\t\t\t\t\t\t\t\t\t<p>Sciences-Sur-Mer est labellis\u00e9 : Ann\u00e9es des G\u00e9osciences<\/p>\t\t\t\t\t\t\t\t<\/div>\n\t\t\t\t<\/div>\n\t\t\t\t<\/div>\n\t\t<div class=\"elementor-element elementor-element-925e101 e-con-full e-flex e-con e-child\" data-id=\"925e101\" data-element_type=\"container\">\n\t\t\t\t<div class=\"elementor-element elementor-element-52d5d33 elementor-widget elementor-widget-image\" data-id=\"52d5d33\" data-element_type=\"widget\" data-widget_type=\"image.default\">\n\t\t\t\t<div class=\"elementor-widget-container\">\n\t\t\t\t\t\t\t\t\t\t\t\t\t\t\t\t<a href=\"https:\/\/anneedesgeosciences.cnrs.fr\/\" target=\"_blank\">\n\t\t\t\t\t\t\t<img decoding=\"async\" width=\"593\" height=\"118\" src=\"https:\/\/sciences-sur-mer.culture-ocean.com\/web\/wp-content\/uploads\/logo_annee_geosciences_20-25-sphere@0.5x.png\" class=\"elementor-animation-grow attachment-large size-large wp-image-465\" alt=\"\" srcset=\"https:\/\/sciences-sur-mer.culture-ocean.com\/web\/wp-content\/uploads\/logo_annee_geosciences_20-25-sphere@0.5x.png 593w, https:\/\/sciences-sur-mer.culture-ocean.com\/web\/wp-content\/uploads\/logo_annee_geosciences_20-25-sphere@0.5x-500x99.png 500w\" sizes=\"(max-width: 593px) 100vw, 593px\" \/>\t\t\t\t\t\t\t\t<\/a>\n\t\t\t\t\t\t\t\t\t\t\t\t\t\t\t<\/div>\n\t\t\t\t<\/div>\n\t\t\t\t<\/div>\n\t\t\t\t\t<\/div>\n\t\t\t\t<\/div>\n\t\t<div class=\"elementor-element elementor-element-99a5b7a e-flex e-con-boxed e-con e-parent\" data-id=\"99a5b7a\" data-element_type=\"container\">\n\t\t\t\t\t<div class=\"e-con-inner\">\n\t\t<div class=\"elementor-element elementor-element-45a5f21 e-con-full e-flex e-con e-child\" data-id=\"45a5f21\" data-element_type=\"container\">\n\t\t\t\t<\/div>\n\t\t\t\t\t<\/div>\n\t\t\t\t<\/div>\n\t\t<div class=\"elementor-element elementor-element-14fd8a2 e-flex e-con-boxed e-con e-parent\" data-id=\"14fd8a2\" data-element_type=\"container\">\n\t\t\t\t\t<div class=\"e-con-inner\">\n\t\t\t\t\t<\/div>\n\t\t\t\t<\/div>\n\t\t\t\t<\/div>\n\t\t","protected":false},"excerpt":{"rendered":"<p>Dans le cadre de l\u2019Ann\u00e9e de la Mer et des G\u00e9osciences, explorez notre Oc\u00e9an et les secrets de ses bassins autour du monde lors de conf\u00e9rences accessibles \u00e0 tous. Chaque rencontre avec des experts passionn\u00e9s mettra en lumi\u00e8re un environnement marin diff\u00e9rent !<\/p>\n","protected":false},"author":1,"featured_media":0,"parent":0,"menu_order":0,"comment_status":"closed","ping_status":"closed","template":"elementor_theme","meta":{"_acf_changed":false,"footnotes":""},"class_list":["post-463","page","type-page","status-publish","hentry"],"acf":[],"_links":{"self":[{"href":"https:\/\/sciences-sur-mer.culture-ocean.com\/web\/wp-json\/wp\/v2\/pages\/463","targetHints":{"allow":["GET"]}}],"collection":[{"href":"https:\/\/sciences-sur-mer.culture-ocean.com\/web\/wp-json\/wp\/v2\/pages"}],"about":[{"href":"https:\/\/sciences-sur-mer.culture-ocean.com\/web\/wp-json\/wp\/v2\/types\/page"}],"author":[{"embeddable":true,"href":"https:\/\/sciences-sur-mer.culture-ocean.com\/web\/wp-json\/wp\/v2\/users\/1"}],"replies":[{"embeddable":true,"href":"https:\/\/sciences-sur-mer.culture-ocean.com\/web\/wp-json\/wp\/v2\/comments?post=463"}],"version-history":[{"count":22,"href":"https:\/\/sciences-sur-mer.culture-ocean.com\/web\/wp-json\/wp\/v2\/pages\/463\/revisions"}],"predecessor-version":[{"id":2625,"href":"https:\/\/sciences-sur-mer.culture-ocean.com\/web\/wp-json\/wp\/v2\/pages\/463\/revisions\/2625"}],"wp:attachment":[{"href":"https:\/\/sciences-sur-mer.culture-ocean.com\/web\/wp-json\/wp\/v2\/media?parent=463"}],"curies":[{"name":"wp","href":"https:\/\/api.w.org\/{rel}","templated":true}]}}